{"id":2951,"date":"2023-08-25T10:34:00","date_gmt":"2023-08-25T08:34:00","guid":{"rendered":"https:\/\/espacespas.com\/politica-de-privacidad\/"},"modified":"2024-08-15T09:56:56","modified_gmt":"2024-08-15T07:56:56","slug":"politica-de-privacidad","status":"publish","type":"page","link":"https:\/\/espacespas.com\/es\/politica-de-privacidad\/","title":{"rendered":"Pol\u00edtica de privacidad"},"content":{"rendered":"\t\t<div data-elementor-type=\"wp-page\" data-elementor-id=\"2951\" class=\"elementor elementor-2951 elementor-1587\">\n\t\t\t\t\t\t<section class=\"elementor-section elementor-top-section elementor-element elementor-element-a563d4a elementor-section-boxed elementor-section-height-default elementor-section-height-default\" data-id=\"a563d4a\" data-element_type=\"section\">\n\t\t\t\t\t\t<div class=\"elementor-container elementor-column-gap-default\">\n\t\t\t\t\t<div class=\"elementor-column elementor-col-100 elementor-top-column elementor-element elementor-element-1af8105\" data-id=\"1af8105\" data-element_type=\"column\">\n\t\t\t<div class=\"elementor-widget-wrap elementor-element-populated\">\n\t\t\t\t\t\t<div class=\"elementor-element elementor-element-523824d elementor-widget elementor-widget-text-editor\" data-id=\"523824d\" data-element_type=\"widget\" data-widget_type=\"text-editor.default\">\n\t\t\t\t<div class=\"elementor-widget-container\">\n\t\t\t\t\t\t\t\t\t<p>Esta pol\u00edtica de confidencialidad describe las pol\u00edticas de<\/p><p>Zona de spa,<\/p><p>1 Bis rue de Ratacas, 11100 Narbonne<\/p><p>Francia,<\/p><p>correo electr\u00f3nico: contact@espacespas.com,<\/p><p>tel\u00e9fono: 09 51 63 22 98<\/p><p>sobre la recogida, uso y divulgaci\u00f3n de la informaci\u00f3n que recopilamos cuando usted utiliza nuestro sitio web ( https:\/\/espacespas.com ) (el \u00abServicio\u00bb). Al acceder o utilizar el Servicio, usted da su consentimiento a la recogida, uso y divulgaci\u00f3n de su informaci\u00f3n de acuerdo con esta Pol\u00edtica de Privacidad. Si no est\u00e1 de acuerdo, no acceda ni utilice el servicio.<\/p><p>Podemos cambiar esta Pol\u00edtica de Privacidad en cualquier momento sin previo aviso y publicaremos la Pol\u00edtica de Privacidad revisada en el Servicio. La pol\u00edtica revisada entrar\u00e1 en vigor 180 d\u00edas despu\u00e9s de su publicaci\u00f3n en el servicio y su acceso o uso continuado del servicio despu\u00e9s de esa fecha constituir\u00e1 su aceptaci\u00f3n de la pol\u00edtica de privacidad revisada. Por ello, le recomendamos que consulte esta p\u00e1gina con regularidad.<\/p><h2>La informaci\u00f3n que recogemos :<\/h2><p>Recopilaremos y procesaremos la siguiente informaci\u00f3n personal sobre usted:<\/p><ol><li>Nombre<\/li><li>Correo electr\u00f3nico<\/li><li>Tel\u00e9fono<\/li><li>Direcci\u00f3n<\/li><\/ol><h2>C\u00f3mo utilizamos su informaci\u00f3n:<\/h2><p>Utilizaremos la informaci\u00f3n que recopilemos sobre usted para los siguientes fines:<\/p><ol><li>Marketing\/Promoci\u00f3n<\/li><\/ol><p>Si queremos utilizar su informaci\u00f3n para otros fines, le pediremos su consentimiento y s\u00f3lo utilizaremos su informaci\u00f3n despu\u00e9s de recibir su consentimiento y s\u00f3lo para los fines para los que usted ha dado su consentimiento, a menos que la ley nos obligue a hacer otra cosa.<\/p><h2>Conservaci\u00f3n de su informaci\u00f3n:<\/h2><p>Conservaremos su informaci\u00f3n personal entre 90 d\u00edas y 2 a\u00f1os despu\u00e9s de que los usuarios den de baja su cuenta o mientras la necesitemos para cumplir los fines para los que fue recopilada, tal y como se establece en esta Pol\u00edtica de privacidad. Es posible que necesitemos conservar determinada informaci\u00f3n durante per\u00edodos m\u00e1s largos, por ejemplo, para fines de mantenimiento de registros o elaboraci\u00f3n de informes de conformidad con la legislaci\u00f3n aplicable o por otros motivos leg\u00edtimos, como el ejercicio de derechos legales, la prevenci\u00f3n del fraude, etc. La informaci\u00f3n an\u00f3nima residual y la informaci\u00f3n agregada, que no permite identificarle (directa o indirectamente), puede almacenarse indefinidamente.<\/p><h2>Sus derechos:<\/h2><p>Dependiendo de la legislaci\u00f3n aplicable, usted puede tener derecho a acceder y rectificar o suprimir sus datos personales o recibir una copia de sus datos personales, restringir u oponerse al tratamiento activo de sus datos, pedirnos que compartamos (portemos) sus datos personales con otra entidad, retirar cualquier consentimiento que nos haya dado para tratar sus datos, derecho a presentar una reclamaci\u00f3n ante una autoridad legal y cualquier otro derecho pertinente en virtud de la legislaci\u00f3n aplicable. Para ejercer estos derechos, escr\u00edbanos a contact@espacespas.com. Responderemos a su solicitud de conformidad con la legislaci\u00f3n aplicable.<\/p><p>Tenga en cuenta que si no nos autoriza a recoger o procesar la informaci\u00f3n personal solicitada o si retira su consentimiento al procesamiento de esta informaci\u00f3n para los fines solicitados, es posible que no pueda acceder o utilizar los servicios para los que se ha solicitado su informaci\u00f3n.<\/p><h2>Cookies Etc.<\/h2><h3>\u00bfQu\u00e9 son las cookies?<\/h3><p>Esta pol\u00edtica de cookies explica qu\u00e9 son las cookies y c\u00f3mo las utilizamos, los tipos de cookies que utilizamos, es decir, la informaci\u00f3n que recopilamos utilizando cookies y c\u00f3mo se utiliza esta informaci\u00f3n, y c\u00f3mo gestionar la configuraci\u00f3n de las cookies.<\/p><p>Las cookies son peque\u00f1os archivos de texto que se utilizan para almacenar peque\u00f1as piezas de informaci\u00f3n. Se almacenan en su dispositivo cuando el sitio web se carga en su navegador. Estas cookies nos ayudan a que el sitio web funcione correctamente, a que sea m\u00e1s seguro, a proporcionar una mejor experiencia al usuario, a entender c\u00f3mo funciona el sitio web y a analizar lo que funciona y lo que debe mejorarse.<\/p><h3>\u00bfC\u00f3mo se utilizan las cookies?<\/h3><p>Como la mayor\u00eda de los servicios en l\u00ednea, nuestro sitio web utiliza cookies propias y de terceros para diversos fines. Las cookies de origen son esencialmente necesarias para que el sitio web funcione correctamente y no recogen ning\u00fan dato personal que pueda identificarle.<\/p><p>Las cookies de terceros utilizadas en nuestro sitio web se emplean principalmente para comprender c\u00f3mo funciona el sitio web, c\u00f3mo interact\u00faa usted con nuestro sitio web, para garantizar la seguridad de nuestros servicios, para ofrecerle publicidad relevante para usted y, en general, para ofrecerle una experiencia de usuario mejorada y agilizar sus futuras interacciones con nuestro sitio web.<\/p><h3>Tipos de cookies que utilizamos<\/h3><div class=\"cky-audit-table-element\">\u00a0<\/div><h3 style=\"margin-bottom: 20px;\">Gesti\u00f3n de las preferencias de cookies<\/h3><p><a class=\"cky-banner-element\">Configuraci\u00f3n de cookies<\/a><\/p><p>Puede cambiar sus preferencias de cookies en cualquier momento haciendo clic en el bot\u00f3n de arriba. Esto le permitir\u00e1 volver al banner de consentimiento de cookies y modificar sus preferencias o retirar su consentimiento inmediatamente.<\/p><p>Adem\u00e1s, los navegadores ofrecen diferentes m\u00e9todos para bloquear y eliminar las cookies utilizadas por los sitios web. Puede cambiar la configuraci\u00f3n de su navegador para bloquear\/eliminar las cookies. A continuaci\u00f3n encontrar\u00e1 enlaces a documentos de ayuda para la gesti\u00f3n y eliminaci\u00f3n de cookies para los principales navegadores web.<\/p><p>Cromo: <a href=\"https:\/\/support.google.com\/accounts\/answer\/32050\" target=\"_blank\" rel=\"noopener noreferrer\">https:\/\/support.google.com\/accounts\/answer\/32050<\/a><\/p><p>Safari: <a href=\"https:\/\/support.apple.com\/en-in\/guide\/safari\/sfri11471\/mac\" target=\"_blank\" rel=\"noopener noreferrer\">https:\/\/support.apple.com\/en-in\/guide\/safari\/sfri11471\/mac<\/a><\/p><p>Firefox: <a href=\"https:\/\/support.mozilla.org\/en-US\/kb\/clear-cookies-and-site-data-firefox?redirectslug=delete-cookies-remove-info-websites-stored&amp;redirectlocale=en-US\" target=\"_blank\" rel=\"noopener noreferrer\">https:\/\/support.mozilla.org\/en-US\/kb\/clear-cookies-and-site-data-firefox?redirectslug=delete-cookies-remove-info-websites-stored&amp;redirectlocale=en-US<\/a><\/p><p>Internet Explorer: <a href=\"https:\/\/support.microsoft.com\/en-us\/topic\/how-to-delete-cookie-files-in-internet-explorer-bca9446f-d873-78de-77ba-d42645fa52fc\" target=\"_blank\" rel=\"noopener noreferrer\">https:\/\/support.microsoft.com\/en-us\/topic\/how-to-delete-cookie-files-in-internet-explorer-bca9446f-d873-78de-77ba-d42645fa52fc<\/a><\/p><p>Si utiliza otro navegador, consulte la documentaci\u00f3n oficial de su navegador.<\/p><h2>Seguridad:<\/h2><p>La seguridad de su informaci\u00f3n es importante para nosotros y utilizaremos medidas de seguridad razonables para evitar la p\u00e9rdida, el uso indebido o la alteraci\u00f3n no autorizada de la informaci\u00f3n bajo nuestro control. Sin embargo, dados los riesgos inherentes, no podemos garantizar una seguridad absoluta y, por lo tanto, no podemos asegurar o garantizar la seguridad de cualquier informaci\u00f3n que nos transmita y usted lo hace bajo su propio riesgo.<\/p><h2>RESPONSABLE DE QUEJAS\/PROTECCI\u00d3N DE DATOS :<\/h2><p>Si tiene alguna pregunta o duda sobre la forma en que tratamos su informaci\u00f3n, puede enviar un correo electr\u00f3nico a nuestro responsable de quejas a<\/p><p>Zona de spa,<\/p><p>ZI Croix Sud &#8211; 55 Rue Joseph Cugnot,11100 Narbonne, Francia<\/p><p>Correo electr\u00f3nico: contact@espacespas.com.<\/p><p>Abordaremos sus preocupaciones de conformidad con la legislaci\u00f3n aplicable.<\/p><p>Pol\u00edtica de privacidad generada con <a href=\"https:\/\/www.cookieyes.com\/?utm_source=PP&amp;utm_medium=footer&amp;utm_campaign=UW\" target=\"_blank\" rel=\"noopener\">CookieYes<\/a>.<\/p>\t\t\t\t\t\t\t\t<\/div>\n\t\t\t\t<\/div>\n\t\t\t\t\t<\/div>\n\t\t<\/div>\n\t\t\t\t\t<\/div>\n\t\t<\/section>\n\t\t\t\t<\/div>\n\t\t","protected":false},"excerpt":{"rendered":"<p>Esta pol\u00edtica de confidencialidad describe las pol\u00edticas de Zona de spa, 1 Bis rue de Ratacas, 11100 Narbonne Francia, correo electr\u00f3nico: contact@espacespas.com, tel\u00e9fono: 09 51 63 22 98 sobre la recogida, uso y divulgaci\u00f3n de la informaci\u00f3n que recopilamos cuando usted utiliza nuestro sitio web ( https:\/\/espacespas.com ) (el \u00abServicio\u00bb). Al acceder o utilizar el [&hellip;]<\/p>\n","protected":false},"author":1,"featured_media":0,"parent":0,"menu_order":0,"comment_status":"closed","ping_status":"closed","template":"","meta":{"_acf_changed":false,"ocean_post_layout":"","ocean_both_sidebars_style":"","ocean_both_sidebars_content_width":0,"ocean_both_sidebars_sidebars_width":0,"ocean_sidebar":"0","ocean_second_sidebar":"0","ocean_disable_margins":"enable","ocean_add_body_class":"","ocean_shortcode_before_top_bar":"","ocean_shortcode_after_top_bar":"","ocean_shortcode_before_header":"","ocean_shortcode_after_header":"","ocean_has_shortcode":"","ocean_shortcode_after_title":"","ocean_shortcode_before_footer_widgets":"","ocean_shortcode_after_footer_widgets":"","ocean_shortcode_before_footer_bottom":"","ocean_shortcode_after_footer_bottom":"","ocean_display_top_bar":"default","ocean_display_header":"default","ocean_header_style":"","ocean_center_header_left_menu":"0","ocean_custom_header_template":"0","ocean_custom_logo":0,"ocean_custom_retina_logo":0,"ocean_custom_logo_max_width":0,"ocean_custom_logo_tablet_max_width":0,"ocean_custom_logo_mobile_max_width":0,"ocean_custom_logo_max_height":0,"ocean_custom_logo_tablet_max_height":0,"ocean_custom_logo_mobile_max_height":0,"ocean_header_custom_menu":"0","ocean_menu_typo_font_family":"0","ocean_menu_typo_font_subset":"","ocean_menu_typo_font_size":0,"ocean_menu_typo_font_size_tablet":0,"ocean_menu_typo_font_size_mobile":0,"ocean_menu_typo_font_size_unit":"px","ocean_menu_typo_font_weight":"","ocean_menu_typo_font_weight_tablet":"","ocean_menu_typo_font_weight_mobile":"","ocean_menu_typo_transform":"","ocean_menu_typo_transform_tablet":"","ocean_menu_typo_transform_mobile":"","ocean_menu_typo_line_height":0,"ocean_menu_typo_line_height_tablet":0,"ocean_menu_typo_line_height_mobile":0,"ocean_menu_typo_line_height_unit":"","ocean_menu_typo_spacing":0,"ocean_menu_typo_spacing_tablet":0,"ocean_menu_typo_spacing_mobile":0,"ocean_menu_typo_spacing_unit":"","ocean_menu_link_color":"","ocean_menu_link_color_hover":"","ocean_menu_link_color_active":"","ocean_menu_link_background":"","ocean_menu_link_hover_background":"","ocean_menu_link_active_background":"","ocean_menu_social_links_bg":"","ocean_menu_social_hover_links_bg":"","ocean_menu_social_links_color":"","ocean_menu_social_hover_links_color":"","ocean_disable_title":"default","ocean_disable_heading":"default","ocean_post_title":"","ocean_post_subheading":"","ocean_post_title_style":"","ocean_post_title_background_color":"","ocean_post_title_background":0,"ocean_post_title_bg_image_position":"","ocean_post_title_bg_image_attachment":"","ocean_post_title_bg_image_repeat":"","ocean_post_title_bg_image_size":"","ocean_post_title_height":0,"ocean_post_title_bg_overlay":0.5,"ocean_post_title_bg_overlay_color":"","ocean_disable_breadcrumbs":"default","ocean_breadcrumbs_color":"","ocean_breadcrumbs_separator_color":"","ocean_breadcrumbs_links_color":"","ocean_breadcrumbs_links_hover_color":"","ocean_display_footer_widgets":"default","ocean_display_footer_bottom":"default","ocean_custom_footer_template":"0","omw_enable_modal_window":"enable","_themeisle_gutenberg_block_has_review":false,"footnotes":""},"class_list":["post-2951","page","type-page","status-publish","hentry","entry"],"acf":[],"yoast_head":"<!-- This site is optimized with the Yoast SEO plugin v25.0 - https:\/\/yoast.com\/wordpress\/plugins\/seo\/ -->\n<title>Pol\u00edtica de privacidad - Espace Spas<\/title>\n<meta name=\"robots\" content=\"index, follow, max-snippet:-1, max-image-preview:large, max-video-preview:-1\" \/>\n<link rel=\"canonical\" href=\"https:\/\/espacespas.com\/es\/politica-de-privacidad\/\" \/>\n<meta property=\"og:locale\" content=\"es_ES\" \/>\n<meta property=\"og:type\" content=\"article\" \/>\n<meta property=\"og:title\" content=\"Pol\u00edtica de privacidad - Espace Spas\" \/>\n<meta property=\"og:description\" content=\"Esta pol\u00edtica de confidencialidad describe las pol\u00edticas de Zona de spa, 1 Bis rue de Ratacas, 11100 Narbonne Francia, correo electr\u00f3nico: contact@espacespas.com, tel\u00e9fono: 09 51 63 22 98 sobre la recogida, uso y divulgaci\u00f3n de la informaci\u00f3n que recopilamos cuando usted utiliza nuestro sitio web ( https:\/\/espacespas.com ) (el \u00abServicio\u00bb). Al acceder o utilizar el [&hellip;]\" \/>\n<meta property=\"og:url\" content=\"https:\/\/espacespas.com\/es\/politica-de-privacidad\/\" \/>\n<meta property=\"og:site_name\" content=\"Espace Spas\" \/>\n<meta property=\"article:modified_time\" content=\"2024-08-15T07:56:56+00:00\" \/>\n<meta property=\"og:image\" content=\"https:\/\/espacespas.com\/wp-content\/uploads\/2022\/10\/logo-espace-spas.png\" \/>\n\t<meta property=\"og:image:width\" content=\"500\" \/>\n\t<meta property=\"og:image:height\" content=\"180\" \/>\n\t<meta property=\"og:image:type\" content=\"image\/png\" \/>\n<meta name=\"twitter:card\" content=\"summary_large_image\" \/>\n<meta name=\"twitter:label1\" content=\"Tiempo de lectura\" \/>\n\t<meta name=\"twitter:data1\" content=\"5 minutos\" \/>\n<script type=\"application\/ld+json\" class=\"yoast-schema-graph\">{\"@context\":\"https:\/\/schema.org\",\"@graph\":[{\"@type\":\"WebPage\",\"@id\":\"https:\/\/espacespas.com\/es\/politica-de-privacidad\/\",\"url\":\"https:\/\/espacespas.com\/es\/politica-de-privacidad\/\",\"name\":\"Pol\u00edtica de privacidad - Espace Spas\",\"isPartOf\":{\"@id\":\"https:\/\/espacespas.com\/es\/#website\"},\"datePublished\":\"2023-08-25T08:34:00+00:00\",\"dateModified\":\"2024-08-15T07:56:56+00:00\",\"breadcrumb\":{\"@id\":\"https:\/\/espacespas.com\/es\/politica-de-privacidad\/#breadcrumb\"},\"inLanguage\":\"es\",\"potentialAction\":[{\"@type\":\"ReadAction\",\"target\":[\"https:\/\/espacespas.com\/es\/politica-de-privacidad\/\"]}]},{\"@type\":\"BreadcrumbList\",\"@id\":\"https:\/\/espacespas.com\/es\/politica-de-privacidad\/#breadcrumb\",\"itemListElement\":[{\"@type\":\"ListItem\",\"position\":1,\"name\":\"Accueil\",\"item\":\"https:\/\/espacespas.com\/es\/\"},{\"@type\":\"ListItem\",\"position\":2,\"name\":\"Pol\u00edtica de privacidad\"}]},{\"@type\":\"WebSite\",\"@id\":\"https:\/\/espacespas.com\/es\/#website\",\"url\":\"https:\/\/espacespas.com\/es\/\",\"name\":\"Espace Spas\",\"description\":\"\",\"publisher\":{\"@id\":\"https:\/\/espacespas.com\/es\/#organization\"},\"potentialAction\":[{\"@type\":\"SearchAction\",\"target\":{\"@type\":\"EntryPoint\",\"urlTemplate\":\"https:\/\/espacespas.com\/es\/?s={search_term_string}\"},\"query-input\":{\"@type\":\"PropertyValueSpecification\",\"valueRequired\":true,\"valueName\":\"search_term_string\"}}],\"inLanguage\":\"es\"},{\"@type\":\"Organization\",\"@id\":\"https:\/\/espacespas.com\/es\/#organization\",\"name\":\"Espace psas\",\"alternateName\":\"Espace cover\",\"url\":\"https:\/\/espacespas.com\/es\/\",\"logo\":{\"@type\":\"ImageObject\",\"inLanguage\":\"es\",\"@id\":\"https:\/\/espacespas.com\/es\/#\/schema\/logo\/image\/\",\"url\":\"https:\/\/espacespas.com\/wp-content\/uploads\/2022\/10\/logo1.png\",\"contentUrl\":\"https:\/\/espacespas.com\/wp-content\/uploads\/2022\/10\/logo1.png\",\"width\":634,\"height\":553,\"caption\":\"Espace psas\"},\"image\":{\"@id\":\"https:\/\/espacespas.com\/es\/#\/schema\/logo\/image\/\"}}]}<\/script>\n<!-- \/ Yoast SEO plugin. -->","yoast_head_json":{"title":"Pol\u00edtica de privacidad - Espace Spas","robots":{"index":"index","follow":"follow","max-snippet":"max-snippet:-1","max-image-preview":"max-image-preview:large","max-video-preview":"max-video-preview:-1"},"canonical":"https:\/\/espacespas.com\/es\/politica-de-privacidad\/","og_locale":"es_ES","og_type":"article","og_title":"Pol\u00edtica de privacidad - Espace Spas","og_description":"Esta pol\u00edtica de confidencialidad describe las pol\u00edticas de Zona de spa, 1 Bis rue de Ratacas, 11100 Narbonne Francia, correo electr\u00f3nico: contact@espacespas.com, tel\u00e9fono: 09 51 63 22 98 sobre la recogida, uso y divulgaci\u00f3n de la informaci\u00f3n que recopilamos cuando usted utiliza nuestro sitio web ( https:\/\/espacespas.com ) (el \u00abServicio\u00bb). Al acceder o utilizar el [&hellip;]","og_url":"https:\/\/espacespas.com\/es\/politica-de-privacidad\/","og_site_name":"Espace Spas","article_modified_time":"2024-08-15T07:56:56+00:00","og_image":[{"width":500,"height":180,"url":"https:\/\/espacespas.com\/wp-content\/uploads\/2022\/10\/logo-espace-spas.png","type":"image\/png"}],"twitter_card":"summary_large_image","twitter_misc":{"Tiempo de lectura":"5 minutos"},"schema":{"@context":"https:\/\/schema.org","@graph":[{"@type":"WebPage","@id":"https:\/\/espacespas.com\/es\/politica-de-privacidad\/","url":"https:\/\/espacespas.com\/es\/politica-de-privacidad\/","name":"Pol\u00edtica de privacidad - Espace Spas","isPartOf":{"@id":"https:\/\/espacespas.com\/es\/#website"},"datePublished":"2023-08-25T08:34:00+00:00","dateModified":"2024-08-15T07:56:56+00:00","breadcrumb":{"@id":"https:\/\/espacespas.com\/es\/politica-de-privacidad\/#breadcrumb"},"inLanguage":"es","potentialAction":[{"@type":"ReadAction","target":["https:\/\/espacespas.com\/es\/politica-de-privacidad\/"]}]},{"@type":"BreadcrumbList","@id":"https:\/\/espacespas.com\/es\/politica-de-privacidad\/#breadcrumb","itemListElement":[{"@type":"ListItem","position":1,"name":"Accueil","item":"https:\/\/espacespas.com\/es\/"},{"@type":"ListItem","position":2,"name":"Pol\u00edtica de privacidad"}]},{"@type":"WebSite","@id":"https:\/\/espacespas.com\/es\/#website","url":"https:\/\/espacespas.com\/es\/","name":"Espace Spas","description":"","publisher":{"@id":"https:\/\/espacespas.com\/es\/#organization"},"potentialAction":[{"@type":"SearchAction","target":{"@type":"EntryPoint","urlTemplate":"https:\/\/espacespas.com\/es\/?s={search_term_string}"},"query-input":{"@type":"PropertyValueSpecification","valueRequired":true,"valueName":"search_term_string"}}],"inLanguage":"es"},{"@type":"Organization","@id":"https:\/\/espacespas.com\/es\/#organization","name":"Espace psas","alternateName":"Espace cover","url":"https:\/\/espacespas.com\/es\/","logo":{"@type":"ImageObject","inLanguage":"es","@id":"https:\/\/espacespas.com\/es\/#\/schema\/logo\/image\/","url":"https:\/\/espacespas.com\/wp-content\/uploads\/2022\/10\/logo1.png","contentUrl":"https:\/\/espacespas.com\/wp-content\/uploads\/2022\/10\/logo1.png","width":634,"height":553,"caption":"Espace psas"},"image":{"@id":"https:\/\/espacespas.com\/es\/#\/schema\/logo\/image\/"}}]}},"_links":{"self":[{"href":"https:\/\/espacespas.com\/es\/wp-json\/wp\/v2\/pages\/2951","targetHints":{"allow":["GET"]}}],"collection":[{"href":"https:\/\/espacespas.com\/es\/wp-json\/wp\/v2\/pages"}],"about":[{"href":"https:\/\/espacespas.com\/es\/wp-json\/wp\/v2\/types\/page"}],"author":[{"embeddable":true,"href":"https:\/\/espacespas.com\/es\/wp-json\/wp\/v2\/users\/1"}],"replies":[{"embeddable":true,"href":"https:\/\/espacespas.com\/es\/wp-json\/wp\/v2\/comments?post=2951"}],"version-history":[{"count":4,"href":"https:\/\/espacespas.com\/es\/wp-json\/wp\/v2\/pages\/2951\/revisions"}],"predecessor-version":[{"id":3394,"href":"https:\/\/espacespas.com\/es\/wp-json\/wp\/v2\/pages\/2951\/revisions\/3394"}],"wp:attachment":[{"href":"https:\/\/espacespas.com\/es\/wp-json\/wp\/v2\/media?parent=2951"}],"curies":[{"name":"wp","href":"https:\/\/api.w.org\/{rel}","templated":true}]}}