{"id":2953,"date":"2023-08-25T09:37:53","date_gmt":"2023-08-25T07:37:53","guid":{"rendered":"https:\/\/espacespas.com\/informacion-juridica\/"},"modified":"2024-08-15T09:57:57","modified_gmt":"2024-08-15T07:57:57","slug":"informacion-juridica","status":"publish","type":"page","link":"https:\/\/espacespas.com\/es\/informacion-juridica\/","title":{"rendered":"Informaci\u00f3n jur\u00eddica"},"content":{"rendered":"\t\t<div data-elementor-type=\"wp-page\" data-elementor-id=\"2953\" class=\"elementor elementor-2953 elementor-1577\">\n\t\t\t\t\t\t<section class=\"elementor-section elementor-top-section elementor-element elementor-element-21c822d elementor-section-boxed elementor-section-height-default elementor-section-height-default\" data-id=\"21c822d\" data-element_type=\"section\">\n\t\t\t\t\t\t<div class=\"elementor-container elementor-column-gap-default\">\n\t\t\t\t\t<div class=\"elementor-column elementor-col-100 elementor-top-column elementor-element elementor-element-29ca999\" data-id=\"29ca999\" data-element_type=\"column\">\n\t\t\t<div class=\"elementor-widget-wrap elementor-element-populated\">\n\t\t\t\t\t\t<div class=\"elementor-element elementor-element-6b97cbe elementor-widget elementor-widget-text-editor\" data-id=\"6b97cbe\" data-element_type=\"widget\" data-widget_type=\"text-editor.default\">\n\t\t\t\t<div class=\"elementor-widget-container\">\n\t\t\t\t\t\t\t\t\t<div class=\"elementor-element elementor-element-51285c7 elementor-widget elementor-widget-heading\" data-id=\"51285c7\" data-element_type=\"widget\" data-widget_type=\"heading.default\"><div class=\"elementor-widget-container\"><h3 class=\"elementor-heading-title elementor-size-default\">IDENTIDAD<\/h3><\/div><\/div><div class=\"elementor-element elementor-element-e20470d elementor-widget elementor-widget-text-editor\" data-id=\"e20470d\" data-element_type=\"widget\" data-widget_type=\"text-editor.default\"><div class=\"elementor-widget-container\"><p>Nombre del sitio web: Espace Spas<\/p><p>Direcci\u00f3n: https: <a href=\"https:\/\/www.espacespas.com\/\">\/\/www.espacespas.com\/<\/a><\/p><p>Propietario: Marc ANTONANZAS<\/p><p>Director de la publicaci\u00f3n: Marc ANTONANZAS<\/p><p>Dise\u00f1o y realizaci\u00f3n: Corinne ESCUDIER 4 impasse des Rosiers 31320 CASTANET TOLOSAN<\/p><p>Alojamiento: iONOS 7 place de la Gare 57200 SARREGUEMINES<\/p><\/div><\/div><div class=\"elementor-element elementor-element-d142b83 elementor-widget elementor-widget-heading\" data-id=\"d142b83\" data-element_type=\"widget\" data-widget_type=\"heading.default\"><div class=\"elementor-widget-container\"><h3 class=\"elementor-heading-title elementor-size-default\">PERSONA JUR\u00cdDICA<\/h3><\/div><\/div><div class=\"elementor-element elementor-element-46cb744 elementor-widget elementor-widget-text-editor\" data-id=\"46cb744\" data-element_type=\"widget\" data-widget_type=\"text-editor.default\"><div class=\"elementor-widget-container\"><p>CUBIERTA ESPACIO<\/p><p>1 Bis rue de Ratacas,\u00a0<\/p><p>11100 Narbona<\/p><p>Tel. 09 51 63 22 98<\/p><p>Correo electr\u00f3nico : <span id=\"cloak00b469c6dbaf1ccdfd88151151c58fe1\"><br \/><a href=\"mailto:contact@espacecover.com\">contact@espacecover.com<\/a><br \/><\/span><\/p><p>S.A.R.L. au capital de 10.000 \u20ac &#8211; N\u00b0 de identificaci\u00f3n 478 051 832 RCS NARBONNE &#8211; N\u00b0 de gestion 2016B00139<\/p><p>N\u00famero de IVA intracomunitario FR 69 819 027 376 00014<br \/>SIREN 819 027 376 &#8211; SIRET 819 027 376 00014 &#8211; C\u00f3digo APE 4329B<\/p><\/div><\/div><div class=\"elementor-element elementor-element-074fa8d elementor-widget elementor-widget-heading\" data-id=\"074fa8d\" data-element_type=\"widget\" data-widget_type=\"heading.default\"><div class=\"elementor-widget-container\"><h3 class=\"elementor-heading-title elementor-size-default\">CONDICIONES DE USO<\/h3><\/div><\/div><div class=\"elementor-element elementor-element-c02f588 elementor-widget elementor-widget-text-editor\" data-id=\"c02f588\" data-element_type=\"widget\" data-widget_type=\"text-editor.default\"><div class=\"elementor-widget-container\">El uso de este sitio implica la plena aceptaci\u00f3n de las condiciones generales de uso que se describen a continuaci\u00f3n. Las presentes condiciones de uso podr\u00e1n modificarse o completarse en cualquier momento.<\/div><div>\u00a0<\/div><\/div><div class=\"elementor-element elementor-element-d843278 elementor-widget elementor-widget-heading\" data-id=\"d843278\" data-element_type=\"widget\" data-widget_type=\"heading.default\"><div class=\"elementor-widget-container\"><h3 class=\"elementor-heading-title elementor-size-default\">INFORMACI\u00d3N<\/h3><\/div><\/div><div class=\"elementor-element elementor-element-9485143 elementor-widget elementor-widget-text-editor\" data-id=\"9485143\" data-element_type=\"widget\" data-widget_type=\"text-editor.default\"><div class=\"elementor-widget-container\">La informaci\u00f3n y los documentos que figuran en este sitio se facilitan a t\u00edtulo informativo y no son exhaustivos, por lo que el propietario del sitio declina toda responsabilidad al respecto. El propietario del sitio no se hace responsable de los da\u00f1os directos o indirectos derivados del acceso al sitio.<\/div><div>\u00a0<\/div><\/div><div class=\"elementor-element elementor-element-49f3512 elementor-widget elementor-widget-heading\" data-id=\"49f3512\" data-element_type=\"widget\" data-widget_type=\"heading.default\"><div class=\"elementor-widget-container\"><h3 class=\"elementor-heading-title elementor-size-default\">INTERACTIVIDAD<\/h3><\/div><\/div><div class=\"elementor-element elementor-element-5a69a88 elementor-widget elementor-widget-text-editor\" data-id=\"5a69a88\" data-element_type=\"widget\" data-widget_type=\"text-editor.default\"><div class=\"elementor-widget-container\">Los usuarios del sitio pueden publicar contenidos, que aparecen en el sitio en espacios dedicados (en particular, a trav\u00e9s de comentarios). El contenido enviado sigue siendo responsabilidad de sus autores, que asumen toda la responsabilidad legal. No obstante, el propietario del sitio se reserva el derecho a retirar, sin previo aviso ni justificaci\u00f3n, cualquier contenido publicado por los usuarios que no se ajuste a la carta \u00e9tica del sitio o a la legislaci\u00f3n vigente.<\/div><div>\u00a0<\/div><\/div><div class=\"elementor-element elementor-element-fbbfcf9 elementor-widget elementor-widget-heading\" data-id=\"fbbfcf9\" data-element_type=\"widget\" data-widget_type=\"heading.default\"><div class=\"elementor-widget-container\"><h3 class=\"elementor-heading-title elementor-size-default\">PROPIEDAD INTELECTUAL<\/h3><\/div><\/div><div class=\"elementor-element elementor-element-15f9072 elementor-widget elementor-widget-text-editor\" data-id=\"15f9072\" data-element_type=\"widget\" data-widget_type=\"text-editor.default\"><div class=\"elementor-widget-container\">Salvo que se indique lo contrario, todos los elementos accesibles en el sitio (textos, im\u00e1genes, gr\u00e1ficos, logotipos, iconos, sonidos, software, etc.) siguen siendo propiedad exclusiva de sus autores, en lo que respecta a los derechos de propiedad intelectual o de uso. 1 Queda prohibida toda reproducci\u00f3n, representaci\u00f3n, modificaci\u00f3n, publicaci\u00f3n, adaptaci\u00f3n de la totalidad o parte de los elementos del sitio, cualesquiera que sean los medios o procedimientos utilizados, salvo autorizaci\u00f3n previa por escrito del autor.23 Cualquier uso no autorizado del sitio o de cualquiera de los elementos que contiene se considera una infracci\u00f3n y puede ser objeto de acciones judiciales. 4 Las marcas y logotipos reproducidos en el sitio est\u00e1n registrados por las empresas propietarias de los mismos.<\/div><div>\u00a0<\/div><\/div><div class=\"elementor-element elementor-element-66a4bd8 elementor-widget elementor-widget-heading\" data-id=\"66a4bd8\" data-element_type=\"widget\" data-widget_type=\"heading.default\"><div class=\"elementor-widget-container\"><h3 class=\"elementor-heading-title elementor-size-default\">ENLACES<\/h3><\/div><\/div><div class=\"elementor-element elementor-element-52f39b2 elementor-widget elementor-widget-text-editor\" data-id=\"52f39b2\" data-element_type=\"widget\" data-widget_type=\"text-editor.default\"><div class=\"elementor-widget-container\"><p><em><strong>Enlaces salientes<\/strong><\/em><br \/>El propietario del sitio declina toda responsabilidad y no se compromete por la referenciaci\u00f3n, mediante enlaces de hipertexto, de recursos de terceros presentes en la red Internet, tanto en lo que se refiere a su contenido como a su pertinencia.<\/p><p><em><strong>Enlaces entrantes<\/strong><\/em><br \/>El propietario del sitio autoriza los enlaces de hipertexto a cualquier p\u00e1gina de este sitio, siempre que \u00e9stos abran una nueva ventana y se presenten de forma inequ\u00edvoca para evitar :<\/p><ul><li>cualquier riesgo de confusi\u00f3n entre el sitio que cita y el propietario del sitio<\/li><li>as\u00ed como cualquier presentaci\u00f3n tendenciosa o contraria a la legislaci\u00f3n vigente.<\/li><\/ul><p>El propietario del sitio se reserva el derecho a solicitar la supresi\u00f3n de un enlace si considera que el sitio de origen no cumple estas normas.<\/p><\/div><\/div><div class=\"elementor-element elementor-element-bdd8f9a elementor-widget elementor-widget-heading\" data-id=\"bdd8f9a\" data-element_type=\"widget\" data-widget_type=\"heading.default\"><div class=\"elementor-widget-container\"><h3 class=\"elementor-heading-title elementor-size-default\">CONFIDENCIALIDAD<\/h3><\/div><\/div><div class=\"elementor-element elementor-element-231f3eb elementor-widget elementor-widget-text-editor\" data-id=\"231f3eb\" data-element_type=\"widget\" data-widget_type=\"text-editor.default\"><div class=\"elementor-widget-container\"><p>Todos los usuarios tienen derecho de acceso, rectificaci\u00f3n y oposici\u00f3n a los datos personales que les conciernan, mediante solicitud escrita y firmada, acompa\u00f1ada de un documento que acredite su identidad.<\/p><\/div><\/div><div class=\"elementor-element elementor-element-63359cd elementor-widget elementor-widget-heading\" data-id=\"63359cd\" data-element_type=\"widget\" data-widget_type=\"heading.default\"><div class=\"elementor-widget-container\"><h3 class=\"elementor-heading-title elementor-size-default\">CR\u00c9DITOS<\/h3><\/div><\/div><div class=\"elementor-element elementor-element-c6c2550 elementor-widget elementor-widget-text-editor\" data-id=\"c6c2550\" data-element_type=\"widget\" data-widget_type=\"text-editor.default\"><div class=\"elementor-widget-container\"><p>Aviso legal proporcionado por WebExpress &#8211; Versi\u00f3n 1.7 &#8211; Uso libre bajo licencia Creative Commons CC BY-NC-ND 3.0 FR \/ creativecommons.org.<\/p><ol><li>Art\u00edculos L111-1 y siguientes del C\u00f3digo franc\u00e9s de la Propiedad Intelectual de 1 de julio de 1992<\/li><li>Art\u00edculo 41 de la Ley de 11 de marzo de 1957<\/li><li>Art\u00edculo L. 226-13 del C\u00f3digo Penal y Directiva europea de 24 de octubre de 1995.<\/li><li>Art\u00edculos L.335-2 y siguientes del C\u00f3digo de Propiedad Intelectual franc\u00e9s.<\/li><li>Ley n\u00ba 78-87 de 6 de enero de 1978, modificada por la Ley n\u00ba 2004-801 de 6 de agosto de 2004, relativa a la inform\u00e1tica, los archivos y las libertades.<\/li><li>Art\u00edculos 38 y siguientes de la Ley 78-17 de 6 de enero de 1978 relativa a la inform\u00e1tica, los ficheros y las libertades<\/li><li>Ley de 1 de julio de 1998 por la que se transpone la Directiva 96\/9 de 11 de marzo de 1996 sobre la protecci\u00f3n jur\u00eddica de las bases de datos<\/li><li>Ley n\u00ba 2004-801 de 6 de agosto de 2004<\/li><li>Art\u00edculo 6 de la Ley n\u00ba 2004-575 de 21 de junio de 2004 sobre la confianza en la econom\u00eda digital 0<\/li><\/ol><\/div><\/div>\t\t\t\t\t\t\t\t<\/div>\n\t\t\t\t<\/div>\n\t\t\t\t\t<\/div>\n\t\t<\/div>\n\t\t\t\t\t<\/div>\n\t\t<\/section>\n\t\t\t\t<\/div>\n\t\t","protected":false},"excerpt":{"rendered":"<p>IDENTIDAD Nombre del sitio web: Espace Spas Direcci\u00f3n: https: \/\/www.espacespas.com\/ Propietario: Marc ANTONANZAS Director de la publicaci\u00f3n: Marc ANTONANZAS Dise\u00f1o y realizaci\u00f3n: Corinne ESCUDIER 4 impasse des Rosiers 31320 CASTANET TOLOSAN Alojamiento: iONOS 7 place de la Gare 57200 SARREGUEMINES PERSONA JUR\u00cdDICA CUBIERTA ESPACIO 1 Bis rue de Ratacas,\u00a0 11100 Narbona Tel. 09 51 63 [&hellip;]<\/p>\n","protected":false},"author":1,"featured_media":0,"parent":0,"menu_order":0,"comment_status":"closed","ping_status":"closed","template":"","meta":{"_acf_changed":false,"ocean_post_layout":"","ocean_both_sidebars_style":"","ocean_both_sidebars_content_width":0,"ocean_both_sidebars_sidebars_width":0,"ocean_sidebar":"0","ocean_second_sidebar":"0","ocean_disable_margins":"enable","ocean_add_body_class":"","ocean_shortcode_before_top_bar":"","ocean_shortcode_after_top_bar":"","ocean_shortcode_before_header":"","ocean_shortcode_after_header":"","ocean_has_shortcode":"","ocean_shortcode_after_title":"","ocean_shortcode_before_footer_widgets":"","ocean_shortcode_after_footer_widgets":"","ocean_shortcode_before_footer_bottom":"","ocean_shortcode_after_footer_bottom":"","ocean_display_top_bar":"default","ocean_display_header":"default","ocean_header_style":"","ocean_center_header_left_menu":"0","ocean_custom_header_template":"0","ocean_custom_logo":0,"ocean_custom_retina_logo":0,"ocean_custom_logo_max_width":0,"ocean_custom_logo_tablet_max_width":0,"ocean_custom_logo_mobile_max_width":0,"ocean_custom_logo_max_height":0,"ocean_custom_logo_tablet_max_height":0,"ocean_custom_logo_mobile_max_height":0,"ocean_header_custom_menu":"0","ocean_menu_typo_font_family":"0","ocean_menu_typo_font_subset":"","ocean_menu_typo_font_size":0,"ocean_menu_typo_font_size_tablet":0,"ocean_menu_typo_font_size_mobile":0,"ocean_menu_typo_font_size_unit":"px","ocean_menu_typo_font_weight":"","ocean_menu_typo_font_weight_tablet":"","ocean_menu_typo_font_weight_mobile":"","ocean_menu_typo_transform":"","ocean_menu_typo_transform_tablet":"","ocean_menu_typo_transform_mobile":"","ocean_menu_typo_line_height":0,"ocean_menu_typo_line_height_tablet":0,"ocean_menu_typo_line_height_mobile":0,"ocean_menu_typo_line_height_unit":"","ocean_menu_typo_spacing":0,"ocean_menu_typo_spacing_tablet":0,"ocean_menu_typo_spacing_mobile":0,"ocean_menu_typo_spacing_unit":"","ocean_menu_link_color":"","ocean_menu_link_color_hover":"","ocean_menu_link_color_active":"","ocean_menu_link_background":"","ocean_menu_link_hover_background":"","ocean_menu_link_active_background":"","ocean_menu_social_links_bg":"","ocean_menu_social_hover_links_bg":"","ocean_menu_social_links_color":"","ocean_menu_social_hover_links_color":"","ocean_disable_title":"default","ocean_disable_heading":"default","ocean_post_title":"","ocean_post_subheading":"","ocean_post_title_style":"","ocean_post_title_background_color":"","ocean_post_title_background":0,"ocean_post_title_bg_image_position":"","ocean_post_title_bg_image_attachment":"","ocean_post_title_bg_image_repeat":"","ocean_post_title_bg_image_size":"","ocean_post_title_height":0,"ocean_post_title_bg_overlay":0.5,"ocean_post_title_bg_overlay_color":"","ocean_disable_breadcrumbs":"default","ocean_breadcrumbs_color":"","ocean_breadcrumbs_separator_color":"","ocean_breadcrumbs_links_color":"","ocean_breadcrumbs_links_hover_color":"","ocean_display_footer_widgets":"default","ocean_display_footer_bottom":"default","ocean_custom_footer_template":"0","omw_enable_modal_window":"enable","_themeisle_gutenberg_block_has_review":false,"footnotes":""},"class_list":["post-2953","page","type-page","status-publish","hentry","entry"],"acf":[],"yoast_head":"<!-- This site is optimized with the Yoast SEO plugin v25.0 - https:\/\/yoast.com\/wordpress\/plugins\/seo\/ -->\n<title>Informaci\u00f3n jur\u00eddica - Espace Spas<\/title>\n<meta name=\"robots\" content=\"index, follow, max-snippet:-1, max-image-preview:large, max-video-preview:-1\" \/>\n<link rel=\"canonical\" href=\"https:\/\/espacespas.com\/es\/informacion-juridica\/\" \/>\n<meta property=\"og:locale\" content=\"es_ES\" \/>\n<meta property=\"og:type\" content=\"article\" \/>\n<meta property=\"og:title\" content=\"Informaci\u00f3n jur\u00eddica - Espace Spas\" \/>\n<meta property=\"og:description\" content=\"IDENTIDAD Nombre del sitio web: Espace Spas Direcci\u00f3n: https: \/\/www.espacespas.com\/ Propietario: Marc ANTONANZAS Director de la publicaci\u00f3n: Marc ANTONANZAS Dise\u00f1o y realizaci\u00f3n: Corinne ESCUDIER 4 impasse des Rosiers 31320 CASTANET TOLOSAN Alojamiento: iONOS 7 place de la Gare 57200 SARREGUEMINES PERSONA JUR\u00cdDICA CUBIERTA ESPACIO 1 Bis rue de Ratacas,\u00a0 11100 Narbona Tel. 09 51 63 [&hellip;]\" \/>\n<meta property=\"og:url\" content=\"https:\/\/espacespas.com\/es\/informacion-juridica\/\" \/>\n<meta property=\"og:site_name\" content=\"Espace Spas\" \/>\n<meta property=\"article:modified_time\" content=\"2024-08-15T07:57:57+00:00\" \/>\n<meta property=\"og:image\" content=\"https:\/\/espacespas.com\/wp-content\/uploads\/2022\/10\/logo-espace-spas.png\" \/>\n\t<meta property=\"og:image:width\" content=\"500\" \/>\n\t<meta property=\"og:image:height\" content=\"180\" \/>\n\t<meta property=\"og:image:type\" content=\"image\/png\" \/>\n<meta name=\"twitter:card\" content=\"summary_large_image\" \/>\n<meta name=\"twitter:label1\" content=\"Tiempo de lectura\" \/>\n\t<meta name=\"twitter:data1\" content=\"7 minutos\" \/>\n<script type=\"application\/ld+json\" class=\"yoast-schema-graph\">{\"@context\":\"https:\/\/schema.org\",\"@graph\":[{\"@type\":\"WebPage\",\"@id\":\"https:\/\/espacespas.com\/es\/informacion-juridica\/\",\"url\":\"https:\/\/espacespas.com\/es\/informacion-juridica\/\",\"name\":\"Informaci\u00f3n jur\u00eddica - Espace Spas\",\"isPartOf\":{\"@id\":\"https:\/\/espacespas.com\/es\/#website\"},\"datePublished\":\"2023-08-25T07:37:53+00:00\",\"dateModified\":\"2024-08-15T07:57:57+00:00\",\"breadcrumb\":{\"@id\":\"https:\/\/espacespas.com\/es\/informacion-juridica\/#breadcrumb\"},\"inLanguage\":\"es\",\"potentialAction\":[{\"@type\":\"ReadAction\",\"target\":[\"https:\/\/espacespas.com\/es\/informacion-juridica\/\"]}]},{\"@type\":\"BreadcrumbList\",\"@id\":\"https:\/\/espacespas.com\/es\/informacion-juridica\/#breadcrumb\",\"itemListElement\":[{\"@type\":\"ListItem\",\"position\":1,\"name\":\"Accueil\",\"item\":\"https:\/\/espacespas.com\/es\/\"},{\"@type\":\"ListItem\",\"position\":2,\"name\":\"Informaci\u00f3n jur\u00eddica\"}]},{\"@type\":\"WebSite\",\"@id\":\"https:\/\/espacespas.com\/es\/#website\",\"url\":\"https:\/\/espacespas.com\/es\/\",\"name\":\"Espace Spas\",\"description\":\"\",\"publisher\":{\"@id\":\"https:\/\/espacespas.com\/es\/#organization\"},\"potentialAction\":[{\"@type\":\"SearchAction\",\"target\":{\"@type\":\"EntryPoint\",\"urlTemplate\":\"https:\/\/espacespas.com\/es\/?s={search_term_string}\"},\"query-input\":{\"@type\":\"PropertyValueSpecification\",\"valueRequired\":true,\"valueName\":\"search_term_string\"}}],\"inLanguage\":\"es\"},{\"@type\":\"Organization\",\"@id\":\"https:\/\/espacespas.com\/es\/#organization\",\"name\":\"Espace psas\",\"alternateName\":\"Espace cover\",\"url\":\"https:\/\/espacespas.com\/es\/\",\"logo\":{\"@type\":\"ImageObject\",\"inLanguage\":\"es\",\"@id\":\"https:\/\/espacespas.com\/es\/#\/schema\/logo\/image\/\",\"url\":\"https:\/\/espacespas.com\/wp-content\/uploads\/2022\/10\/logo1.png\",\"contentUrl\":\"https:\/\/espacespas.com\/wp-content\/uploads\/2022\/10\/logo1.png\",\"width\":634,\"height\":553,\"caption\":\"Espace psas\"},\"image\":{\"@id\":\"https:\/\/espacespas.com\/es\/#\/schema\/logo\/image\/\"}}]}<\/script>\n<!-- \/ Yoast SEO plugin. -->","yoast_head_json":{"title":"Informaci\u00f3n jur\u00eddica - Espace Spas","robots":{"index":"index","follow":"follow","max-snippet":"max-snippet:-1","max-image-preview":"max-image-preview:large","max-video-preview":"max-video-preview:-1"},"canonical":"https:\/\/espacespas.com\/es\/informacion-juridica\/","og_locale":"es_ES","og_type":"article","og_title":"Informaci\u00f3n jur\u00eddica - Espace Spas","og_description":"IDENTIDAD Nombre del sitio web: Espace Spas Direcci\u00f3n: https: \/\/www.espacespas.com\/ Propietario: Marc ANTONANZAS Director de la publicaci\u00f3n: Marc ANTONANZAS Dise\u00f1o y realizaci\u00f3n: Corinne ESCUDIER 4 impasse des Rosiers 31320 CASTANET TOLOSAN Alojamiento: iONOS 7 place de la Gare 57200 SARREGUEMINES PERSONA JUR\u00cdDICA CUBIERTA ESPACIO 1 Bis rue de Ratacas,\u00a0 11100 Narbona Tel. 09 51 63 [&hellip;]","og_url":"https:\/\/espacespas.com\/es\/informacion-juridica\/","og_site_name":"Espace Spas","article_modified_time":"2024-08-15T07:57:57+00:00","og_image":[{"width":500,"height":180,"url":"https:\/\/espacespas.com\/wp-content\/uploads\/2022\/10\/logo-espace-spas.png","type":"image\/png"}],"twitter_card":"summary_large_image","twitter_misc":{"Tiempo de lectura":"7 minutos"},"schema":{"@context":"https:\/\/schema.org","@graph":[{"@type":"WebPage","@id":"https:\/\/espacespas.com\/es\/informacion-juridica\/","url":"https:\/\/espacespas.com\/es\/informacion-juridica\/","name":"Informaci\u00f3n jur\u00eddica - Espace Spas","isPartOf":{"@id":"https:\/\/espacespas.com\/es\/#website"},"datePublished":"2023-08-25T07:37:53+00:00","dateModified":"2024-08-15T07:57:57+00:00","breadcrumb":{"@id":"https:\/\/espacespas.com\/es\/informacion-juridica\/#breadcrumb"},"inLanguage":"es","potentialAction":[{"@type":"ReadAction","target":["https:\/\/espacespas.com\/es\/informacion-juridica\/"]}]},{"@type":"BreadcrumbList","@id":"https:\/\/espacespas.com\/es\/informacion-juridica\/#breadcrumb","itemListElement":[{"@type":"ListItem","position":1,"name":"Accueil","item":"https:\/\/espacespas.com\/es\/"},{"@type":"ListItem","position":2,"name":"Informaci\u00f3n jur\u00eddica"}]},{"@type":"WebSite","@id":"https:\/\/espacespas.com\/es\/#website","url":"https:\/\/espacespas.com\/es\/","name":"Espace Spas","description":"","publisher":{"@id":"https:\/\/espacespas.com\/es\/#organization"},"potentialAction":[{"@type":"SearchAction","target":{"@type":"EntryPoint","urlTemplate":"https:\/\/espacespas.com\/es\/?s={search_term_string}"},"query-input":{"@type":"PropertyValueSpecification","valueRequired":true,"valueName":"search_term_string"}}],"inLanguage":"es"},{"@type":"Organization","@id":"https:\/\/espacespas.com\/es\/#organization","name":"Espace psas","alternateName":"Espace cover","url":"https:\/\/espacespas.com\/es\/","logo":{"@type":"ImageObject","inLanguage":"es","@id":"https:\/\/espacespas.com\/es\/#\/schema\/logo\/image\/","url":"https:\/\/espacespas.com\/wp-content\/uploads\/2022\/10\/logo1.png","contentUrl":"https:\/\/espacespas.com\/wp-content\/uploads\/2022\/10\/logo1.png","width":634,"height":553,"caption":"Espace psas"},"image":{"@id":"https:\/\/espacespas.com\/es\/#\/schema\/logo\/image\/"}}]}},"_links":{"self":[{"href":"https:\/\/espacespas.com\/es\/wp-json\/wp\/v2\/pages\/2953","targetHints":{"allow":["GET"]}}],"collection":[{"href":"https:\/\/espacespas.com\/es\/wp-json\/wp\/v2\/pages"}],"about":[{"href":"https:\/\/espacespas.com\/es\/wp-json\/wp\/v2\/types\/page"}],"author":[{"embeddable":true,"href":"https:\/\/espacespas.com\/es\/wp-json\/wp\/v2\/users\/1"}],"replies":[{"embeddable":true,"href":"https:\/\/espacespas.com\/es\/wp-json\/wp\/v2\/comments?post=2953"}],"version-history":[{"count":4,"href":"https:\/\/espacespas.com\/es\/wp-json\/wp\/v2\/pages\/2953\/revisions"}],"predecessor-version":[{"id":3397,"href":"https:\/\/espacespas.com\/es\/wp-json\/wp\/v2\/pages\/2953\/revisions\/3397"}],"wp:attachment":[{"href":"https:\/\/espacespas.com\/es\/wp-json\/wp\/v2\/media?parent=2953"}],"curies":[{"name":"wp","href":"https:\/\/api.w.org\/{rel}","templated":true}]}}