{"id":2957,"date":"2022-10-19T10:06:22","date_gmt":"2022-10-19T08:06:22","guid":{"rendered":"https:\/\/espacespas.com\/quienes-somos\/"},"modified":"2023-10-20T13:54:53","modified_gmt":"2023-10-20T11:54:53","slug":"quienes-somos","status":"publish","type":"page","link":"https:\/\/espacespas.com\/es\/quienes-somos\/","title":{"rendered":"\u00bfQui\u00e9nes somos?"},"content":{"rendered":"\t\t<div data-elementor-type=\"wp-page\" data-elementor-id=\"2957\" class=\"elementor elementor-2957 elementor-73\">\n\t\t\t\t\t\t<section class=\"elementor-section elementor-top-section elementor-element elementor-element-69667dd0 elementor-section-boxed elementor-section-height-default elementor-section-height-default\" data-id=\"69667dd0\" data-element_type=\"section\">\n\t\t\t\t\t\t<div class=\"elementor-container elementor-column-gap-default\">\n\t\t\t\t\t<div class=\"elementor-column elementor-col-100 elementor-top-column elementor-element elementor-element-34c187b4\" data-id=\"34c187b4\" data-element_type=\"column\">\n\t\t\t<div class=\"elementor-widget-wrap elementor-element-populated\">\n\t\t\t\t\t\t<div class=\"elementor-element elementor-element-2179c000 elementor-widget elementor-widget-text-editor\" data-id=\"2179c000\" data-element_type=\"widget\" data-widget_type=\"text-editor.default\">\n\t\t\t\t<div class=\"elementor-widget-container\">\n\t\t\t\t\t\t\t\t\t\n<div id=\"wp-block-themeisle-blocks-advanced-columns-25dde6bd\" class=\"wp-block-themeisle-blocks-advanced-columns has-0-columns has-desktop-undefined-layout has-tablet-equal-layout has-mobile-equal-layout has-vertical-unset\"><div class=\"wp-block-themeisle-blocks-advanced-columns-overlay\"><\/div><div class=\"innerblocks-wrap\"><\/div><\/div>\n\t\t\t\t\t\t\t\t<\/div>\n\t\t\t\t<\/div>\n\t\t\t\t\t<\/div>\n\t\t<\/div>\n\t\t\t\t\t<\/div>\n\t\t<\/section>\n\t\t\t\t<section class=\"elementor-section elementor-top-section elementor-element elementor-element-7e5d62f elementor-section-boxed elementor-section-height-default elementor-section-height-default\" data-id=\"7e5d62f\" data-element_type=\"section\">\n\t\t\t\t\t\t<div class=\"elementor-container elementor-column-gap-default\">\n\t\t\t\t\t<div class=\"elementor-column elementor-col-100 elementor-top-column elementor-element elementor-element-32a882f\" data-id=\"32a882f\" data-element_type=\"column\">\n\t\t\t<div class=\"elementor-widget-wrap elementor-element-populated\">\n\t\t\t\t\t\t<div class=\"elementor-element elementor-element-6c9780b elementor-widget elementor-widget-text-editor\" data-id=\"6c9780b\" data-element_type=\"widget\" data-widget_type=\"text-editor.default\">\n\t\t\t\t<div class=\"elementor-widget-container\">\n\t\t\t\t\t\t\t\t\t<p>Espace Spas, filial de Espace Cover, ha seleccionado cuidadosamente una gama de spas exclusiva para el mercado europeo. Nuestro equipo de dise\u00f1adores, en estrecha colaboraci\u00f3n con una oficina de proyectos especializada en la fabricaci\u00f3n de spas de nataci\u00f3n franceses, ha creado para usted un nuevo spa de gama alta: ingr\u00e1vido.<\/p>\n<p>La filosof\u00eda de nuestra gama de spas: productos fiables y de calidad fabricados con materiales nobles y resistentes.<\/p>\n<p>Elegir un spa de Espace Spas es la garant\u00eda de adquirir un spa de calidad a un precio que le da tranquilidad. Los spas son productos dise\u00f1ados por profesionales. Nuestra gama de spas de 2 a 7 plazas est\u00e1 dise\u00f1ada seg\u00fan las normas americanas. Nuestros jacuzzis est\u00e1n equipados de serie con componentes de calidad profesional (Aristech, Lucite, Balboa, Gecko).<\/p>\n<p>Be spa le ofrece lo mejor en ba\u00f1eras de hidromasaje: spas para su salud, spas para la relajaci\u00f3n, spas para el ocio, spas para parejas, spas para amigos&#8230; Descubra nuestra nueva gama de swim spas empotrables.<\/p>\t\t\t\t\t\t\t\t<\/div>\n\t\t\t\t<\/div>\n\t\t\t\t<div class=\"elementor-element elementor-element-5510b0b elementor-widget elementor-widget-heading\" data-id=\"5510b0b\" data-element_type=\"widget\" data-widget_type=\"heading.default\">\n\t\t\t\t<div class=\"elementor-widget-container\">\n\t\t\t\t\t<h2 class=\"elementor-heading-title elementor-size-default\">Confort y ergonom\u00eda<\/h2>\t\t\t\t<\/div>\n\t\t\t\t<\/div>\n\t\t\t\t<div class=\"elementor-element elementor-element-d4dacef elementor-widget elementor-widget-text-editor\" data-id=\"d4dacef\" data-element_type=\"widget\" data-widget_type=\"text-editor.default\">\n\t\t\t\t<div class=\"elementor-widget-container\">\n\t\t\t\t\t\t\t\t\t<p>Espace Spas ofrece una amplia gama de spas para toda la familia. El modelo superventas ES 3.1 Apesanteur, con 2 plazas, un asiento reclinable equipado con MASAJE DORSAL, un nuevo concepto de ingravidez y 108 jets, le proporcionar\u00e1 un potente masaje que le dejar\u00e1 como nuevo. Aut\u00e9ntico equipo de balneoterapia dom\u00e9stica.<\/p>\n\t\t\t\t\t\t\t\t<\/div>\n\t\t\t\t<\/div>\n\t\t\t\t<div class=\"elementor-element elementor-element-469ce3b elementor-widget elementor-widget-heading\" data-id=\"469ce3b\" data-element_type=\"widget\" data-widget_type=\"heading.default\">\n\t\t\t\t<div class=\"elementor-widget-container\">\n\t\t\t\t\t<h2 class=\"elementor-heading-title elementor-size-default\">Sistema y opciones<\/h2>\t\t\t\t<\/div>\n\t\t\t\t<\/div>\n\t\t\t\t<div class=\"elementor-element elementor-element-dcf1940 elementor-widget elementor-widget-text-editor\" data-id=\"dcf1940\" data-element_type=\"widget\" data-widget_type=\"text-editor.default\">\n\t\t\t\t<div class=\"elementor-widget-container\">\n\t\t\t\t\t\t\t\t\t<p>Espace Spas ofrece una amplia gama de spas bien equipados. Todos los spas est\u00e1n equipados de serie:<\/p>\n<ul>\n<li>Un sistema de control programable para preparar sus momentos de relax con antelaci\u00f3n.<\/li>\n<li>Un receptor (radio\/aux) con altavoces pop retr\u00e1ctiles y Poly-Planar (opcional).<\/li>\n<li>Cromoterapia con un sistema de LED multicolor.<\/li>\n<li>Aromaterapia para difundir aromas relajantes y aceites esenciales.<\/li>\n<li>Una cascada que reproduce el relajante sonido del agua al correr.<\/li>\n<li>Un completo sistema de hidroterapia que puede ajustarse a las necesidades individuales.<\/li>\n<\/ul>\t\t\t\t\t\t\t\t<\/div>\n\t\t\t\t<\/div>\n\t\t\t\t<div class=\"elementor-element elementor-element-4331ce0 elementor-widget elementor-widget-heading\" data-id=\"4331ce0\" data-element_type=\"widget\" data-widget_type=\"heading.default\">\n\t\t\t\t<div class=\"elementor-widget-container\">\n\t\t\t\t\t<h2 class=\"elementor-heading-title elementor-size-default\">Espace Spas, una referencia en el mundo del spa<\/h2>\t\t\t\t<\/div>\n\t\t\t\t<\/div>\n\t\t\t\t<div class=\"elementor-element elementor-element-5f6480f elementor-widget elementor-widget-text-editor\" data-id=\"5f6480f\" data-element_type=\"widget\" data-widget_type=\"text-editor.default\">\n\t\t\t\t<div class=\"elementor-widget-container\">\n\t\t\t\t\t\t\t\t\t<p>EspaceSpas quiere establecerse como uno de los l\u00edderes en la fabricaci\u00f3n, compra y venta de spas ingr\u00e1vidos y spas de nataci\u00f3n empotrados: spas de nataci\u00f3n, spas acr\u00edlicos. Nuestros spas de alta calidad est\u00e1n construidos con la tecnolog\u00eda m\u00e1s avanzada, lo que le garantiza un confort y una tranquilidad totales.<\/p>\n\t\t\t\t\t\t\t\t<\/div>\n\t\t\t\t<\/div>\n\t\t\t\t<div class=\"elementor-element elementor-element-5bf4d25 elementor-widget elementor-widget-heading\" data-id=\"5bf4d25\" data-element_type=\"widget\" data-widget_type=\"heading.default\">\n\t\t\t\t<div class=\"elementor-widget-container\">\n\t\t\t\t\t<h2 class=\"elementor-heading-title elementor-size-default\">Espace Spas, tecnolog\u00eda para su confort<\/h2>\t\t\t\t<\/div>\n\t\t\t\t<\/div>\n\t\t\t\t<div class=\"elementor-element elementor-element-d5cd099 elementor-widget elementor-widget-text-editor\" data-id=\"d5cd099\" data-element_type=\"widget\" data-widget_type=\"text-editor.default\">\n\t\t\t\t<div class=\"elementor-widget-container\">\n\t\t\t\t\t\t\t\t\t<p>Gracias a las tecnolog\u00edas ofrecidas e incorporadas a nuestros spas, podr\u00e1 relajarse y redescubrir su vitalidad interior: hidroterapia, hidromasaje, reposacabezas con aromaterapia para un m\u00e1ximo confort, asientos terap\u00e9uticos, todos los productos est\u00e1n dise\u00f1ados para ayudarle a disfrutar de un momento de relajaci\u00f3n con amigos o familiares. Para sumergirte en el bienestar y disfrutar de tu spa en todas las estaciones, tambi\u00e9n encontrar\u00e1s sistemas de iluminaci\u00f3n LED y cubiertas de spa para protegerte del fr\u00edo en invierno. Para todos aquellos audi\u00f3filos que quieran disfrutar de una m\u00fasica suave y agradable, deben saber que la mayor\u00eda de nuestros spas est\u00e1n equipados con sistemas de audio para que puedan dejarse llevar por sus canciones favoritas.<\/p>\n\t\t\t\t\t\t\t\t<\/div>\n\t\t\t\t<\/div>\n\t\t\t\t<div class=\"elementor-element elementor-element-2337354 elementor-widget elementor-widget-heading\" data-id=\"2337354\" data-element_type=\"widget\" data-widget_type=\"heading.default\">\n\t\t\t\t<div class=\"elementor-widget-container\">\n\t\t\t\t\t<h2 class=\"elementor-heading-title elementor-size-default\">Spa - Gama Espace Spas<\/h2>\t\t\t\t<\/div>\n\t\t\t\t<\/div>\n\t\t\t\t<div class=\"elementor-element elementor-element-9af91e0 elementor-widget elementor-widget-text-editor\" data-id=\"9af91e0\" data-element_type=\"widget\" data-widget_type=\"text-editor.default\">\n\t\t\t\t<div class=\"elementor-widget-container\">\n\t\t\t\t\t\t\t\t\t<p>Descubra nuestra gama de spas cl\u00e1sicos de 2 a 7 plazas, cada uno con sus propias caracter\u00edsticas como asientos extraprofundos, extraanchos o reclinables, aromaterapia, cromoterapia o musicoterapia&#8230; La gama cl\u00e1sica se ha desarrollado especialmente para ofrecerle un producto de alto rendimiento a un precio muy razonable. Componentes de calidad (Balboa, Aristech acrylic, Sono audio Poly Planar), ergonom\u00eda \u00f3ptima y, sobre todo, un servicio posventa fiable y disponible. Nuestros asesores est\u00e1n disponibles de lunes a s\u00e1bado en el correo electr\u00f3nico contact@espacespas.com o en el tel\u00e9fono 09 51 63 22 98 para ayudarle durante toda su experiencia EspaceSpas \u00a1No dude en ponerse en contacto con nosotros!<\/p>\n\t\t\t\t\t\t\t\t<\/div>\n\t\t\t\t<\/div>\n\t\t\t\t\t<\/div>\n\t\t<\/div>\n\t\t\t\t\t<\/div>\n\t\t<\/section>\n\t\t\t\t<\/div>\n\t\t","protected":false},"excerpt":{"rendered":"<p>Espace Spas, filial de Espace Cover, ha seleccionado cuidadosamente una gama de spas exclusiva para el mercado europeo. Nuestro equipo de dise\u00f1adores, en estrecha colaboraci\u00f3n con una oficina de proyectos especializada en la fabricaci\u00f3n de spas de nataci\u00f3n franceses, ha creado para usted un nuevo spa de gama alta: ingr\u00e1vido. La filosof\u00eda de nuestra gama [&hellip;]<\/p>\n","protected":false},"author":1,"featured_media":0,"parent":0,"menu_order":0,"comment_status":"closed","ping_status":"closed","template":"","meta":{"_acf_changed":false,"ocean_post_layout":"","ocean_both_sidebars_style":"","ocean_both_sidebars_content_width":0,"ocean_both_sidebars_sidebars_width":0,"ocean_sidebar":"0","ocean_second_sidebar":"0","ocean_disable_margins":"enable","ocean_add_body_class":"","ocean_shortcode_before_top_bar":"","ocean_shortcode_after_top_bar":"","ocean_shortcode_before_header":"","ocean_shortcode_after_header":"","ocean_has_shortcode":"","ocean_shortcode_after_title":"","ocean_shortcode_before_footer_widgets":"","ocean_shortcode_after_footer_widgets":"","ocean_shortcode_before_footer_bottom":"","ocean_shortcode_after_footer_bottom":"","ocean_display_top_bar":"default","ocean_display_header":"default","ocean_header_style":"","ocean_center_header_left_menu":"0","ocean_custom_header_template":"0","ocean_custom_logo":0,"ocean_custom_retina_logo":0,"ocean_custom_logo_max_width":0,"ocean_custom_logo_tablet_max_width":0,"ocean_custom_logo_mobile_max_width":0,"ocean_custom_logo_max_height":0,"ocean_custom_logo_tablet_max_height":0,"ocean_custom_logo_mobile_max_height":0,"ocean_header_custom_menu":"0","ocean_menu_typo_font_family":"0","ocean_menu_typo_font_subset":"","ocean_menu_typo_font_size":0,"ocean_menu_typo_font_size_tablet":0,"ocean_menu_typo_font_size_mobile":0,"ocean_menu_typo_font_size_unit":"px","ocean_menu_typo_font_weight":"","ocean_menu_typo_font_weight_tablet":"","ocean_menu_typo_font_weight_mobile":"","ocean_menu_typo_transform":"","ocean_menu_typo_transform_tablet":"","ocean_menu_typo_transform_mobile":"","ocean_menu_typo_line_height":0,"ocean_menu_typo_line_height_tablet":0,"ocean_menu_typo_line_height_mobile":0,"ocean_menu_typo_line_height_unit":"","ocean_menu_typo_spacing":0,"ocean_menu_typo_spacing_tablet":0,"ocean_menu_typo_spacing_mobile":0,"ocean_menu_typo_spacing_unit":"","ocean_menu_link_color":"","ocean_menu_link_color_hover":"","ocean_menu_link_color_active":"","ocean_menu_link_background":"","ocean_menu_link_hover_background":"","ocean_menu_link_active_background":"","ocean_menu_social_links_bg":"","ocean_menu_social_hover_links_bg":"","ocean_menu_social_links_color":"","ocean_menu_social_hover_links_color":"","ocean_disable_title":"default","ocean_disable_heading":"default","ocean_post_title":"","ocean_post_subheading":"","ocean_post_title_style":"","ocean_post_title_background_color":"","ocean_post_title_background":0,"ocean_post_title_bg_image_position":"","ocean_post_title_bg_image_attachment":"","ocean_post_title_bg_image_repeat":"","ocean_post_title_bg_image_size":"","ocean_post_title_height":0,"ocean_post_title_bg_overlay":0.5,"ocean_post_title_bg_overlay_color":"","ocean_disable_breadcrumbs":"default","ocean_breadcrumbs_color":"","ocean_breadcrumbs_separator_color":"","ocean_breadcrumbs_links_color":"","ocean_breadcrumbs_links_hover_color":"","ocean_display_footer_widgets":"default","ocean_display_footer_bottom":"default","ocean_custom_footer_template":"0","omw_enable_modal_window":"enable","_themeisle_gutenberg_block_has_review":false,"footnotes":""},"class_list":["post-2957","page","type-page","status-publish","hentry","entry"],"acf":[],"yoast_head":"<!-- This site is optimized with the Yoast SEO plugin v25.0 - https:\/\/yoast.com\/wordpress\/plugins\/seo\/ -->\n<title>\u00bfQui\u00e9nes somos? - Espace Spas<\/title>\n<meta name=\"robots\" content=\"index, follow, max-snippet:-1, max-image-preview:large, max-video-preview:-1\" \/>\n<link rel=\"canonical\" href=\"https:\/\/espacespas.com\/es\/quienes-somos\/\" \/>\n<meta property=\"og:locale\" content=\"es_ES\" \/>\n<meta property=\"og:type\" content=\"article\" \/>\n<meta property=\"og:title\" content=\"\u00bfQui\u00e9nes somos? - Espace Spas\" \/>\n<meta property=\"og:description\" content=\"Espace Spas, filial de Espace Cover, ha seleccionado cuidadosamente una gama de spas exclusiva para el mercado europeo. Nuestro equipo de dise\u00f1adores, en estrecha colaboraci\u00f3n con una oficina de proyectos especializada en la fabricaci\u00f3n de spas de nataci\u00f3n franceses, ha creado para usted un nuevo spa de gama alta: ingr\u00e1vido. La filosof\u00eda de nuestra gama [&hellip;]\" \/>\n<meta property=\"og:url\" content=\"https:\/\/espacespas.com\/es\/quienes-somos\/\" \/>\n<meta property=\"og:site_name\" content=\"Espace Spas\" \/>\n<meta property=\"article:modified_time\" content=\"2023-10-20T11:54:53+00:00\" \/>\n<meta property=\"og:image\" content=\"https:\/\/espacespas.com\/wp-content\/uploads\/2022\/10\/logo-espace-spas.png\" \/>\n\t<meta property=\"og:image:width\" content=\"500\" \/>\n\t<meta property=\"og:image:height\" content=\"180\" \/>\n\t<meta property=\"og:image:type\" content=\"image\/png\" \/>\n<meta name=\"twitter:card\" content=\"summary_large_image\" \/>\n<meta name=\"twitter:label1\" content=\"Tiempo de lectura\" \/>\n\t<meta name=\"twitter:data1\" content=\"3 minutos\" \/>\n<script type=\"application\/ld+json\" class=\"yoast-schema-graph\">{\"@context\":\"https:\/\/schema.org\",\"@graph\":[{\"@type\":\"WebPage\",\"@id\":\"https:\/\/espacespas.com\/es\/quienes-somos\/\",\"url\":\"https:\/\/espacespas.com\/es\/quienes-somos\/\",\"name\":\"\u00bfQui\u00e9nes somos? - Espace Spas\",\"isPartOf\":{\"@id\":\"https:\/\/espacespas.com\/es\/#website\"},\"datePublished\":\"2022-10-19T08:06:22+00:00\",\"dateModified\":\"2023-10-20T11:54:53+00:00\",\"breadcrumb\":{\"@id\":\"https:\/\/espacespas.com\/es\/quienes-somos\/#breadcrumb\"},\"inLanguage\":\"es\",\"potentialAction\":[{\"@type\":\"ReadAction\",\"target\":[\"https:\/\/espacespas.com\/es\/quienes-somos\/\"]}]},{\"@type\":\"BreadcrumbList\",\"@id\":\"https:\/\/espacespas.com\/es\/quienes-somos\/#breadcrumb\",\"itemListElement\":[{\"@type\":\"ListItem\",\"position\":1,\"name\":\"Accueil\",\"item\":\"https:\/\/espacespas.com\/es\/\"},{\"@type\":\"ListItem\",\"position\":2,\"name\":\"\u00bfQui\u00e9nes somos?\"}]},{\"@type\":\"WebSite\",\"@id\":\"https:\/\/espacespas.com\/es\/#website\",\"url\":\"https:\/\/espacespas.com\/es\/\",\"name\":\"Espace Spas\",\"description\":\"\",\"publisher\":{\"@id\":\"https:\/\/espacespas.com\/es\/#organization\"},\"potentialAction\":[{\"@type\":\"SearchAction\",\"target\":{\"@type\":\"EntryPoint\",\"urlTemplate\":\"https:\/\/espacespas.com\/es\/?s={search_term_string}\"},\"query-input\":{\"@type\":\"PropertyValueSpecification\",\"valueRequired\":true,\"valueName\":\"search_term_string\"}}],\"inLanguage\":\"es\"},{\"@type\":\"Organization\",\"@id\":\"https:\/\/espacespas.com\/es\/#organization\",\"name\":\"Espace psas\",\"alternateName\":\"Espace cover\",\"url\":\"https:\/\/espacespas.com\/es\/\",\"logo\":{\"@type\":\"ImageObject\",\"inLanguage\":\"es\",\"@id\":\"https:\/\/espacespas.com\/es\/#\/schema\/logo\/image\/\",\"url\":\"https:\/\/espacespas.com\/wp-content\/uploads\/2022\/10\/logo1.png\",\"contentUrl\":\"https:\/\/espacespas.com\/wp-content\/uploads\/2022\/10\/logo1.png\",\"width\":634,\"height\":553,\"caption\":\"Espace psas\"},\"image\":{\"@id\":\"https:\/\/espacespas.com\/es\/#\/schema\/logo\/image\/\"}}]}<\/script>\n<!-- \/ Yoast SEO plugin. -->","yoast_head_json":{"title":"\u00bfQui\u00e9nes somos? - Espace Spas","robots":{"index":"index","follow":"follow","max-snippet":"max-snippet:-1","max-image-preview":"max-image-preview:large","max-video-preview":"max-video-preview:-1"},"canonical":"https:\/\/espacespas.com\/es\/quienes-somos\/","og_locale":"es_ES","og_type":"article","og_title":"\u00bfQui\u00e9nes somos? - Espace Spas","og_description":"Espace Spas, filial de Espace Cover, ha seleccionado cuidadosamente una gama de spas exclusiva para el mercado europeo. Nuestro equipo de dise\u00f1adores, en estrecha colaboraci\u00f3n con una oficina de proyectos especializada en la fabricaci\u00f3n de spas de nataci\u00f3n franceses, ha creado para usted un nuevo spa de gama alta: ingr\u00e1vido. La filosof\u00eda de nuestra gama [&hellip;]","og_url":"https:\/\/espacespas.com\/es\/quienes-somos\/","og_site_name":"Espace Spas","article_modified_time":"2023-10-20T11:54:53+00:00","og_image":[{"width":500,"height":180,"url":"https:\/\/espacespas.com\/wp-content\/uploads\/2022\/10\/logo-espace-spas.png","type":"image\/png"}],"twitter_card":"summary_large_image","twitter_misc":{"Tiempo de lectura":"3 minutos"},"schema":{"@context":"https:\/\/schema.org","@graph":[{"@type":"WebPage","@id":"https:\/\/espacespas.com\/es\/quienes-somos\/","url":"https:\/\/espacespas.com\/es\/quienes-somos\/","name":"\u00bfQui\u00e9nes somos? - Espace Spas","isPartOf":{"@id":"https:\/\/espacespas.com\/es\/#website"},"datePublished":"2022-10-19T08:06:22+00:00","dateModified":"2023-10-20T11:54:53+00:00","breadcrumb":{"@id":"https:\/\/espacespas.com\/es\/quienes-somos\/#breadcrumb"},"inLanguage":"es","potentialAction":[{"@type":"ReadAction","target":["https:\/\/espacespas.com\/es\/quienes-somos\/"]}]},{"@type":"BreadcrumbList","@id":"https:\/\/espacespas.com\/es\/quienes-somos\/#breadcrumb","itemListElement":[{"@type":"ListItem","position":1,"name":"Accueil","item":"https:\/\/espacespas.com\/es\/"},{"@type":"ListItem","position":2,"name":"\u00bfQui\u00e9nes somos?"}]},{"@type":"WebSite","@id":"https:\/\/espacespas.com\/es\/#website","url":"https:\/\/espacespas.com\/es\/","name":"Espace Spas","description":"","publisher":{"@id":"https:\/\/espacespas.com\/es\/#organization"},"potentialAction":[{"@type":"SearchAction","target":{"@type":"EntryPoint","urlTemplate":"https:\/\/espacespas.com\/es\/?s={search_term_string}"},"query-input":{"@type":"PropertyValueSpecification","valueRequired":true,"valueName":"search_term_string"}}],"inLanguage":"es"},{"@type":"Organization","@id":"https:\/\/espacespas.com\/es\/#organization","name":"Espace psas","alternateName":"Espace cover","url":"https:\/\/espacespas.com\/es\/","logo":{"@type":"ImageObject","inLanguage":"es","@id":"https:\/\/espacespas.com\/es\/#\/schema\/logo\/image\/","url":"https:\/\/espacespas.com\/wp-content\/uploads\/2022\/10\/logo1.png","contentUrl":"https:\/\/espacespas.com\/wp-content\/uploads\/2022\/10\/logo1.png","width":634,"height":553,"caption":"Espace psas"},"image":{"@id":"https:\/\/espacespas.com\/es\/#\/schema\/logo\/image\/"}}]}},"_links":{"self":[{"href":"https:\/\/espacespas.com\/es\/wp-json\/wp\/v2\/pages\/2957","targetHints":{"allow":["GET"]}}],"collection":[{"href":"https:\/\/espacespas.com\/es\/wp-json\/wp\/v2\/pages"}],"about":[{"href":"https:\/\/espacespas.com\/es\/wp-json\/wp\/v2\/types\/page"}],"author":[{"embeddable":true,"href":"https:\/\/espacespas.com\/es\/wp-json\/wp\/v2\/users\/1"}],"replies":[{"embeddable":true,"href":"https:\/\/espacespas.com\/es\/wp-json\/wp\/v2\/comments?post=2957"}],"version-history":[{"count":3,"href":"https:\/\/espacespas.com\/es\/wp-json\/wp\/v2\/pages\/2957\/revisions"}],"predecessor-version":[{"id":2960,"href":"https:\/\/espacespas.com\/es\/wp-json\/wp\/v2\/pages\/2957\/revisions\/2960"}],"wp:attachment":[{"href":"https:\/\/espacespas.com\/es\/wp-json\/wp\/v2\/media?parent=2957"}],"curies":[{"name":"wp","href":"https:\/\/api.w.org\/{rel}","templated":true}]}}